{"id":10,"date":"2024-10-24T01:45:27","date_gmt":"2024-10-24T01:45:27","guid":{"rendered":"http:\/\/localhost\/gardyn\/my-account\/"},"modified":"2025-11-02T20:02:15","modified_gmt":"2025-11-02T20:02:15","slug":"mi-cuenta","status":"publish","type":"page","link":"https:\/\/www.sunplantes.com\/en\/mi-cuenta\/","title":{"rendered":"Mi Cuenta"},"content":{"rendered":"<div data-elementor-type=\"wp-page\" data-elementor-id=\"10\" class=\"elementor elementor-10\" data-elementor-post-type=\"page\">\n\t\t\t\t<div class=\"elementor-element elementor-element-5554495 e-flex e-con-boxed e-con e-parent\" data-id=\"5554495\" data-element_type=\"container\" data-e-type=\"container\" data-settings=\"{&quot;background_background&quot;:&quot;classic&quot;}\">\n\t\t\t\t\t<div class=\"e-con-inner\">\n\t\t\t\t\t<\/div>\n\t\t\t\t<\/div>\n\t\t<div class=\"elementor-element elementor-element-bed2365 e-con-full e-flex e-con e-parent\" data-id=\"bed2365\" data-element_type=\"container\" data-e-type=\"container\">\n\t\t\t\t<div class=\"elementor-element elementor-element-91dbd5b e-my-account-tabs-vertical elementor-widget elementor-widget-woocommerce-my-account\" data-id=\"91dbd5b\" data-element_type=\"widget\" data-e-type=\"widget\" data-widget_type=\"woocommerce-my-account.default\">\n\t\t\t\t\t<div class=\"e-my-account-tab e-my-account-tab__\">\t\t\t<div class=\"woocommerce\"><\/div>\t\t<\/div>\n\t\t\t\t\t\t<\/div>\n\t\t\t\t<\/div>\n\t\t\t\t<\/div>","protected":false},"excerpt":{"rendered":"<p>Escritorio Pedidos Descargas Direcciones Detalles de la cuenta Lista de Deseos Cerrar sesi\u00f3n Hola diurnay (\u00bfno eres diurnay? Cerrar sesi\u00f3n) Desde el escritorio de tu cuenta puedes ver tus pedidos recientes, gestionar tus direcciones de env\u00edo y facturaci\u00f3n y editar tu contrase\u00f1a y los detalles de tu cuenta.<\/p>","protected":false},"author":1,"featured_media":0,"parent":0,"menu_order":0,"comment_status":"closed","ping_status":"closed","template":"","meta":{"_acf_changed":false,"footnotes":""},"class_list":["post-10","page","type-page","status-publish","hentry"],"acf":[],"yoast_head":"<!-- This site is optimized with the Yoast SEO plugin v27.3 - https:\/\/yoast.com\/product\/yoast-seo-wordpress\/ -->\n<title>Mi Cuenta - SUN PLANTES VIVEROS S.L | Exportaci\u00f3n B2B de olivos, palmeras y plantas de colecci\u00f3n<\/title>\n<meta name=\"robots\" content=\"index, follow, max-snippet:-1, max-image-preview:large, max-video-preview:-1\" \/>\n<link rel=\"canonical\" href=\"https:\/\/www.sunplantes.com\/en\/mi-cuenta\/\" \/>\n<meta property=\"og:locale\" content=\"en_GB\" \/>\n<meta property=\"og:type\" content=\"article\" \/>\n<meta property=\"og:title\" content=\"Mi Cuenta - SUN PLANTES VIVEROS S.L | Exportaci\u00f3n B2B de olivos, palmeras y plantas de colecci\u00f3n\" \/>\n<meta property=\"og:description\" content=\"Escritorio Pedidos Descargas Direcciones Detalles de la cuenta Lista de Deseos Cerrar sesi\u00f3n Hola diurnay (\u00bfno eres diurnay? Cerrar sesi\u00f3n) Desde el escritorio de tu cuenta puedes ver tus pedidos recientes, gestionar tus direcciones de env\u00edo y facturaci\u00f3n y editar tu contrase\u00f1a y los detalles de tu cuenta.\" \/>\n<meta property=\"og:url\" content=\"https:\/\/www.sunplantes.com\/en\/mi-cuenta\/\" \/>\n<meta property=\"og:site_name\" content=\"SUN PLANTES VIVEROS S.L | Exportaci\u00f3n B2B de olivos, palmeras y plantas de colecci\u00f3n\" \/>\n<meta property=\"article:modified_time\" content=\"2025-11-02T20:02:15+00:00\" \/>\n<meta name=\"twitter:card\" content=\"summary_large_image\" \/>\n<meta name=\"twitter:label1\" content=\"Estimated reading time\" \/>\n\t<meta name=\"twitter:data1\" content=\"2 minutes\" \/>\n<script type=\"application\/ld+json\" class=\"yoast-schema-graph\">{\"@context\":\"https:\\\/\\\/schema.org\",\"@graph\":[{\"@type\":\"WebPage\",\"@id\":\"https:\\\/\\\/www.sunplantes.com\\\/mi-cuenta\\\/\",\"url\":\"https:\\\/\\\/www.sunplantes.com\\\/mi-cuenta\\\/\",\"name\":\"Mi Cuenta - SUN PLANTES VIVEROS S.L | Exportaci\u00f3n B2B de olivos, palmeras y plantas de colecci\u00f3n\",\"isPartOf\":{\"@id\":\"https:\\\/\\\/www.sunplantes.com\\\/#website\"},\"datePublished\":\"2024-10-24T01:45:27+00:00\",\"dateModified\":\"2025-11-02T20:02:15+00:00\",\"breadcrumb\":{\"@id\":\"https:\\\/\\\/www.sunplantes.com\\\/mi-cuenta\\\/#breadcrumb\"},\"inLanguage\":\"en-GB\",\"potentialAction\":[{\"@type\":\"ReadAction\",\"target\":[\"https:\\\/\\\/www.sunplantes.com\\\/mi-cuenta\\\/\"]}]},{\"@type\":\"BreadcrumbList\",\"@id\":\"https:\\\/\\\/www.sunplantes.com\\\/mi-cuenta\\\/#breadcrumb\",\"itemListElement\":[{\"@type\":\"ListItem\",\"position\":1,\"name\":\"Portada\",\"item\":\"https:\\\/\\\/www.sunplantes.com\\\/\"},{\"@type\":\"ListItem\",\"position\":2,\"name\":\"Mi Cuenta\"}]},{\"@type\":\"WebSite\",\"@id\":\"https:\\\/\\\/www.sunplantes.com\\\/#website\",\"url\":\"https:\\\/\\\/www.sunplantes.com\\\/\",\"name\":\"SUN PLANTES VIVEROS S.L | Exportaci\u00f3n B2B de olivos, palmeras y plantas de colecci\u00f3n\",\"description\":\"SUN PLANTES VIVEROS S.L es una empresa familiar con m\u00e1s de 20 a\u00f1os exportando olivos, palmeras y plantas mediterr\u00e1neas de colecci\u00f3n. Venta exclusiva B2B por palets y camiones, con reserva m\u00ednima de 1500 \u20ac.\",\"publisher\":{\"@id\":\"https:\\\/\\\/www.sunplantes.com\\\/#organization\"},\"potentialAction\":[{\"@type\":\"SearchAction\",\"target\":{\"@type\":\"EntryPoint\",\"urlTemplate\":\"https:\\\/\\\/www.sunplantes.com\\\/?s={search_term_string}\"},\"query-input\":{\"@type\":\"PropertyValueSpecification\",\"valueRequired\":true,\"valueName\":\"search_term_string\"}}],\"inLanguage\":\"en-GB\"},{\"@type\":\"Organization\",\"@id\":\"https:\\\/\\\/www.sunplantes.com\\\/#organization\",\"name\":\"SUN PLANTES VIVEROS S.L | Exportaci\u00f3n B2B de olivos, palmeras y plantas de colecci\u00f3n\",\"url\":\"https:\\\/\\\/www.sunplantes.com\\\/\",\"logo\":{\"@type\":\"ImageObject\",\"inLanguage\":\"en-GB\",\"@id\":\"https:\\\/\\\/www.sunplantes.com\\\/#\\\/schema\\\/logo\\\/image\\\/\",\"url\":\"https:\\\/\\\/www.sunplantes.com\\\/wp-content\\\/uploads\\\/2024\\\/10\\\/logo-1.png\",\"contentUrl\":\"https:\\\/\\\/www.sunplantes.com\\\/wp-content\\\/uploads\\\/2024\\\/10\\\/logo-1.png\",\"width\":152,\"height\":60,\"caption\":\"SUN PLANTES VIVEROS S.L | Exportaci\u00f3n B2B de olivos, palmeras y plantas de colecci\u00f3n\"},\"image\":{\"@id\":\"https:\\\/\\\/www.sunplantes.com\\\/#\\\/schema\\\/logo\\\/image\\\/\"}}]}<\/script>\n<!-- \/ Yoast SEO plugin. -->","yoast_head_json":{"title":"Mi Cuenta - SUN PLANTES VIVEROS S.L | Exportaci\u00f3n B2B de olivos, palmeras y plantas de colecci\u00f3n","robots":{"index":"index","follow":"follow","max-snippet":"max-snippet:-1","max-image-preview":"max-image-preview:large","max-video-preview":"max-video-preview:-1"},"canonical":"https:\/\/www.sunplantes.com\/en\/mi-cuenta\/","og_locale":"en_GB","og_type":"article","og_title":"Mi Cuenta - SUN PLANTES VIVEROS S.L | Exportaci\u00f3n B2B de olivos, palmeras y plantas de colecci\u00f3n","og_description":"Escritorio Pedidos Descargas Direcciones Detalles de la cuenta Lista de Deseos Cerrar sesi\u00f3n Hola diurnay (\u00bfno eres diurnay? Cerrar sesi\u00f3n) Desde el escritorio de tu cuenta puedes ver tus pedidos recientes, gestionar tus direcciones de env\u00edo y facturaci\u00f3n y editar tu contrase\u00f1a y los detalles de tu cuenta.","og_url":"https:\/\/www.sunplantes.com\/en\/mi-cuenta\/","og_site_name":"SUN PLANTES VIVEROS S.L | Exportaci\u00f3n B2B de olivos, palmeras y plantas de colecci\u00f3n","article_modified_time":"2025-11-02T20:02:15+00:00","twitter_card":"summary_large_image","twitter_misc":{"Estimated reading time":"2 minutes"},"schema":{"@context":"https:\/\/schema.org","@graph":[{"@type":"WebPage","@id":"https:\/\/www.sunplantes.com\/mi-cuenta\/","url":"https:\/\/www.sunplantes.com\/mi-cuenta\/","name":"Mi Cuenta - SUN PLANTES VIVEROS S.L | Exportaci\u00f3n B2B de olivos, palmeras y plantas de colecci\u00f3n","isPartOf":{"@id":"https:\/\/www.sunplantes.com\/#website"},"datePublished":"2024-10-24T01:45:27+00:00","dateModified":"2025-11-02T20:02:15+00:00","breadcrumb":{"@id":"https:\/\/www.sunplantes.com\/mi-cuenta\/#breadcrumb"},"inLanguage":"en-GB","potentialAction":[{"@type":"ReadAction","target":["https:\/\/www.sunplantes.com\/mi-cuenta\/"]}]},{"@type":"BreadcrumbList","@id":"https:\/\/www.sunplantes.com\/mi-cuenta\/#breadcrumb","itemListElement":[{"@type":"ListItem","position":1,"name":"Portada","item":"https:\/\/www.sunplantes.com\/"},{"@type":"ListItem","position":2,"name":"Mi Cuenta"}]},{"@type":"WebSite","@id":"https:\/\/www.sunplantes.com\/#website","url":"https:\/\/www.sunplantes.com\/","name":"SUN PLANTES VIVEROS S.L | Exportaci\u00f3n B2B de olivos, palmeras y plantas de colecci\u00f3n","description":"SUN PLANTES VIVEROS S.L es una empresa familiar con m\u00e1s de 20 a\u00f1os exportando olivos, palmeras y plantas mediterr\u00e1neas de colecci\u00f3n. Venta exclusiva B2B por palets y camiones, con reserva m\u00ednima de 1500 \u20ac.","publisher":{"@id":"https:\/\/www.sunplantes.com\/#organization"},"potentialAction":[{"@type":"SearchAction","target":{"@type":"EntryPoint","urlTemplate":"https:\/\/www.sunplantes.com\/?s={search_term_string}"},"query-input":{"@type":"PropertyValueSpecification","valueRequired":true,"valueName":"search_term_string"}}],"inLanguage":"en-GB"},{"@type":"Organization","@id":"https:\/\/www.sunplantes.com\/#organization","name":"SUN PLANTES VIVEROS S.L | Exportaci\u00f3n B2B de olivos, palmeras y plantas de colecci\u00f3n","url":"https:\/\/www.sunplantes.com\/","logo":{"@type":"ImageObject","inLanguage":"en-GB","@id":"https:\/\/www.sunplantes.com\/#\/schema\/logo\/image\/","url":"https:\/\/www.sunplantes.com\/wp-content\/uploads\/2024\/10\/logo-1.png","contentUrl":"https:\/\/www.sunplantes.com\/wp-content\/uploads\/2024\/10\/logo-1.png","width":152,"height":60,"caption":"SUN PLANTES VIVEROS S.L | Exportaci\u00f3n B2B de olivos, palmeras y plantas de colecci\u00f3n"},"image":{"@id":"https:\/\/www.sunplantes.com\/#\/schema\/logo\/image\/"}}]}},"_links":{"self":[{"href":"https:\/\/www.sunplantes.com\/en\/wp-json\/wp\/v2\/pages\/10","targetHints":{"allow":["GET"]}}],"collection":[{"href":"https:\/\/www.sunplantes.com\/en\/wp-json\/wp\/v2\/pages"}],"about":[{"href":"https:\/\/www.sunplantes.com\/en\/wp-json\/wp\/v2\/types\/page"}],"author":[{"embeddable":true,"href":"https:\/\/www.sunplantes.com\/en\/wp-json\/wp\/v2\/users\/1"}],"replies":[{"embeddable":true,"href":"https:\/\/www.sunplantes.com\/en\/wp-json\/wp\/v2\/comments?post=10"}],"version-history":[{"count":0,"href":"https:\/\/www.sunplantes.com\/en\/wp-json\/wp\/v2\/pages\/10\/revisions"}],"wp:attachment":[{"href":"https:\/\/www.sunplantes.com\/en\/wp-json\/wp\/v2\/media?parent=10"}],"curies":[{"name":"wp","href":"https:\/\/api.w.org\/{rel}","templated":true}]}}