{"id":199,"date":"2024-10-25T09:09:50","date_gmt":"2024-10-25T09:09:50","guid":{"rendered":"http:\/\/localhost\/gardyn\/?page_id=199"},"modified":"2026-02-12T14:33:02","modified_gmt":"2026-02-12T13:33:02","slug":"contacto","status":"publish","type":"page","link":"https:\/\/www.sunplantes.com\/ro\/contacto\/","title":{"rendered":"Contacto"},"content":{"rendered":"<div data-elementor-type=\"wp-page\" data-elementor-id=\"199\" class=\"elementor elementor-199\" data-elementor-post-type=\"page\">\n\t\t\t\t<div class=\"elementor-element elementor-element-7a2c2dd6 e-con-full e-flex e-con e-parent\" data-id=\"7a2c2dd6\" data-element_type=\"container\" data-e-type=\"container\" data-settings=\"{&quot;background_background&quot;:&quot;classic&quot;}\">\n\t\t\t\t<\/div>\n\t\t<div class=\"elementor-element elementor-element-5a2d343 e-con-full e-flex e-con e-parent\" data-id=\"5a2d343\" data-element_type=\"container\" data-e-type=\"container\">\n\t\t<div class=\"elementor-element elementor-element-9876f44 e-con-full e-flex e-con e-child\" data-id=\"9876f44\" data-element_type=\"container\" data-e-type=\"container\" data-settings=\"{&quot;background_background&quot;:&quot;classic&quot;}\">\n\t\t<div class=\"elementor-element elementor-element-2f21a9d e-flex e-con-boxed e-con e-child\" data-id=\"2f21a9d\" data-element_type=\"container\" data-e-type=\"container\">\n\t\t\t\t\t<div class=\"e-con-inner\">\n\t\t\t\t<div class=\"elementor-element elementor-element-47e4f1e elementor-widget elementor-widget-heading\" data-id=\"47e4f1e\" data-element_type=\"widget\" data-e-type=\"widget\" data-widget_type=\"heading.default\">\n\t\t\t\t\t<h1 class=\"elementor-heading-title elementor-size-default\">Contacteaz\u0103-ne!<\/h1>\t\t\t\t<\/div>\n\t\t\t\t<div class=\"elementor-element elementor-element-f3b01f3 elementor-widget elementor-widget-text-editor\" data-id=\"f3b01f3\" data-element_type=\"widget\" data-e-type=\"widget\" data-widget_type=\"text-editor.default\">\n\t\t\t\t\t\t\t\t\t<p>Vom fi \u00eenc\u00e2nta\u021bi s\u0103 v\u0103 asist\u0103m<\/p>\t\t\t\t\t\t\t\t<\/div>\n\t\t\t\t\t<\/div>\n\t\t\t\t<\/div>\n\t\t<div class=\"elementor-element elementor-element-551e43c e-flex e-con-boxed e-con e-child\" data-id=\"551e43c\" data-element_type=\"container\" data-e-type=\"container\">\n\t\t\t\t\t<div class=\"e-con-inner\">\n\t\t<div class=\"elementor-element elementor-element-b8bcee3 e-flex e-con-boxed e-con e-child\" data-id=\"b8bcee3\" data-element_type=\"container\" data-e-type=\"container\">\n\t\t\t\t\t<div class=\"e-con-inner\">\n\t\t\t\t<div class=\"elementor-element elementor-element-f411103 elementor-widget elementor-widget-heading\" data-id=\"f411103\" data-element_type=\"widget\" data-e-type=\"widget\" data-widget_type=\"heading.default\">\n\t\t\t\t\t<h4 class=\"elementor-heading-title elementor-size-default\">Ia leg\u0103tura<\/h4>\t\t\t\t<\/div>\n\t\t\t\t<div class=\"elementor-element elementor-element-6ca32c2 fres elementor-widget elementor-widget-heading\" data-id=\"6ca32c2\" data-element_type=\"widget\" data-e-type=\"widget\" data-widget_type=\"heading.default\">\n\t\t\t\t\t<p class=\"elementor-heading-title elementor-size-default\"><a href=\"tel:+34647521443\">+34 647 521 443<\/a><\/p>\t\t\t\t<\/div>\n\t\t\t\t<div class=\"elementor-element elementor-element-f2ddce2 enru elementor-widget elementor-widget-heading\" data-id=\"f2ddce2\" data-element_type=\"widget\" data-e-type=\"widget\" data-widget_type=\"heading.default\">\n\t\t\t\t\t<p class=\"elementor-heading-title elementor-size-default\"><a href=\"tel:+34699246612\">+34 699 246 612<\/a><\/p>\t\t\t\t<\/div>\n\t\t\t\t<div class=\"elementor-element elementor-element-2b05d31 elementor-align-start elementor-icon-list--layout-traditional elementor-list-item-link-full_width elementor-widget elementor-widget-icon-list\" data-id=\"2b05d31\" data-element_type=\"widget\" data-e-type=\"widget\" data-widget_type=\"icon-list.default\">\n\t\t\t\t\t\t\t<ul class=\"elementor-icon-list-items\">\n\t\t\t\t\t\t\t<li class=\"elementor-icon-list-item\">\n\t\t\t\t\t\t\t\t\t\t\t<a href=\"mailto:sunplantes@gmail.com\">\n\n\t\t\t\t\t\t\t\t\t\t\t<span class=\"elementor-icon-list-text\">sunplantes@gmail.com<\/span>\n\t\t\t\t\t\t\t\t\t\t\t<\/a>\n\t\t\t\t\t\t\t\t\t<\/li>\n\t\t\t\t\t\t<\/ul>\n\t\t\t\t\t\t<\/div>\n\t\t\t\t\t<\/div>\n\t\t\t\t<\/div>\n\t\t<div class=\"elementor-element elementor-element-5ddd623 e-flex e-con-boxed e-con e-child\" data-id=\"5ddd623\" data-element_type=\"container\" data-e-type=\"container\">\n\t\t\t\t\t<div class=\"e-con-inner\">\n\t\t\t\t<div class=\"elementor-element elementor-element-c0616c5 elementor-widget elementor-widget-heading\" data-id=\"c0616c5\" data-element_type=\"widget\" data-e-type=\"widget\" data-widget_type=\"heading.default\">\n\t\t\t\t\t<h4 class=\"elementor-heading-title elementor-size-default\">Program<\/h4>\t\t\t\t<\/div>\n\t\t\t\t<div class=\"elementor-element elementor-element-9e1e640 elementor-align-start elementor-icon-list--layout-traditional elementor-list-item-link-full_width elementor-widget elementor-widget-icon-list\" data-id=\"9e1e640\" data-element_type=\"widget\" data-e-type=\"widget\" data-widget_type=\"icon-list.default\">\n\t\t\t\t\t\t\t<ul class=\"elementor-icon-list-items\">\n\t\t\t\t\t\t\t<li class=\"elementor-icon-list-item\">\n\t\t\t\t\t\t\t\t\t\t<span class=\"elementor-icon-list-text\">L-V: 08:30-17:30 H<\/span>\n\t\t\t\t\t\t\t\t\t<\/li>\n\t\t\t\t\t\t<\/ul>\n\t\t\t\t\t\t<\/div>\n\t\t\t\t\t<\/div>\n\t\t\t\t<\/div>\n\t\t\t\t\t<\/div>\n\t\t\t\t<\/div>\n\t\t\t\t<\/div>\n\t\t<div class=\"elementor-element elementor-element-cde2af2 e-con-full e-flex e-con e-child\" data-id=\"cde2af2\" data-element_type=\"container\" data-e-type=\"container\" data-settings=\"{&quot;background_background&quot;:&quot;classic&quot;}\">\n\t\t\t\t<div class=\"elementor-element elementor-element-0c6e60b elementor-widget elementor-widget-text-editor\" data-id=\"0c6e60b\" data-element_type=\"widget\" data-e-type=\"widget\" data-widget_type=\"text-editor.default\">\n\t\t\t\t\t\t\t\t\t<p>Completeaz\u0103 formularul cu datele tale, iar noi te vom contacta c\u00e2t mai cur\u00e2nd posibil.<\/p>\t\t\t\t\t\t\t\t<\/div>\n\t\t\t\t<div class=\"elementor-element elementor-element-d2febe2 elementor-button-align-center elementor-widget elementor-widget-form\" data-id=\"d2febe2\" data-element_type=\"widget\" data-e-type=\"widget\" data-settings=\"{&quot;step_next_label&quot;:&quot;Siguiente&quot;,&quot;step_previous_label&quot;:&quot;Anterior&quot;,&quot;button_width_tablet&quot;:&quot;100&quot;,&quot;button_width&quot;:&quot;100&quot;,&quot;step_type&quot;:&quot;number_text&quot;,&quot;step_icon_shape&quot;:&quot;circle&quot;}\" data-widget_type=\"form.default\">\n\t\t\t\t\t\t\t<form class=\"elementor-form\" method=\"post\" name=\"Contact Form\" aria-label=\"Contact Form\" action=\"\">\n\t\t\t<input type=\"hidden\" name=\"post_id\" value=\"199\"\/>\n\t\t\t<input type=\"hidden\" name=\"form_id\" value=\"d2febe2\"\/>\n\t\t\t<input type=\"hidden\" name=\"referer_title\" value=\"Contacto - SUN PLANTES VIVEROS S.L | Exportaci\u00f3n B2B de olivos, palmeras y plantas de colecci\u00f3n\" \/>\n\n\t\t\t\t\t\t\t<input type=\"hidden\" name=\"queried_id\" value=\"199\"\/>\n\t\t\t\n\t\t\t<div class=\"elementor-form-fields-wrapper elementor-labels-\">\n\t\t\t\t\t\t\t\t<div class=\"elementor-field-type-text elementor-field-group elementor-column elementor-field-group-name elementor-col-50 elementor-field-required\">\n\t\t\t\t\t\t\t\t\t\t\t\t<label for=\"form-field-name\" class=\"elementor-field-label elementor-screen-only\">\n\t\t\t\t\t\t\t\tNume\t\t\t\t\t\t\t<\/label>\n\t\t\t\t\t\t\t\t\t\t\t\t\t\t<input size=\"1\" type=\"text\" name=\"form_fields[name]\" id=\"form-field-name\" class=\"elementor-field elementor-size-md  elementor-field-textual\" placeholder=\"Nume\" required=\"required\">\n\t\t\t\t\t\t\t\t\t\t\t<\/div>\n\t\t\t\t\t\t\t\t<div class=\"elementor-field-type-tel elementor-field-group elementor-column elementor-field-group-field_5057311 elementor-col-50 elementor-md-50 elementor-field-required\">\n\t\t\t\t\t\t\t\t\t\t\t\t<label for=\"form-field-field_5057311\" class=\"elementor-field-label elementor-screen-only\">\n\t\t\t\t\t\t\t\tTelefon\t\t\t\t\t\t\t<\/label>\n\t\t\t\t\t\t\t\t<input size=\"1\" type=\"tel\" name=\"form_fields[field_5057311]\" id=\"form-field-field_5057311\" class=\"elementor-field elementor-size-md  elementor-field-textual\" placeholder=\"Telefon\" required=\"required\" pattern=\"[0-9()#&amp;+*-=.]+\" title=\"Only numbers and phone characters (#, -, *, etc) are accepted.\">\n\n\t\t\t\t\t\t<\/div>\n\t\t\t\t\t\t\t\t<div class=\"elementor-field-type-email elementor-field-group elementor-column elementor-field-group-email elementor-col-100 elementor-md-50 elementor-field-required\">\n\t\t\t\t\t\t\t\t\t\t\t\t<label for=\"form-field-email\" class=\"elementor-field-label elementor-screen-only\">\n\t\t\t\t\t\t\t\tEmail\t\t\t\t\t\t\t<\/label>\n\t\t\t\t\t\t\t\t\t\t\t\t\t\t<input size=\"1\" type=\"email\" name=\"form_fields[email]\" id=\"form-field-email\" class=\"elementor-field elementor-size-md  elementor-field-textual\" placeholder=\"Email\" required=\"required\">\n\t\t\t\t\t\t\t\t\t\t\t<\/div>\n\t\t\t\t\t\t\t\t<div class=\"elementor-field-type-textarea elementor-field-group elementor-column elementor-field-group-field_71766c7 elementor-col-100\">\n\t\t\t\t\t\t\t\t\t\t\t\t<label for=\"form-field-field_71766c7\" class=\"elementor-field-label elementor-screen-only\">\n\t\t\t\t\t\t\t\tMesaj\t\t\t\t\t\t\t<\/label>\n\t\t\t\t\t\t<textarea class=\"elementor-field-textual elementor-field  elementor-size-md\" name=\"form_fields[field_71766c7]\" id=\"form-field-field_71766c7\" rows=\"4\" placeholder=\"Mesaj\"><\/textarea>\t\t\t\t<\/div>\n\t\t\t\t\t\t\t\t<div class=\"elementor-field-type-acceptance elementor-field-group elementor-column elementor-field-group-field_44d5c5d elementor-col-100\">\n\t\t\t\t\t\t\t<div class=\"elementor-field-subgroup\">\n\t\t\t<span class=\"elementor-field-option\">\n\t\t\t\t<input type=\"checkbox\" name=\"form_fields[field_44d5c5d]\" id=\"form-field-field_44d5c5d\" class=\"elementor-field elementor-size-md  elementor-acceptance-field\">\n\t\t\t\t<label for=\"form-field-field_44d5c5d\">Accept <a target=\"_blank\" href=\"https:\/\/www.sunplantes.com\/ro\/politica-de-privacidad\/\">Politica de confiden\u021bialitate<\/a><\/label>\t\t\t<\/span>\n\t\t<\/div>\n\t\t\t\t\t\t<\/div>\n\t\t\t\t\t\t\t\t<div class=\"elementor-field-type-recaptcha_v3 elementor-field-group elementor-column elementor-field-group-field_7bf48d0 elementor-col-100 recaptcha_v3-bottomright\">\n\t\t\t\t\t<div class=\"elementor-field\" id=\"form-field-field_7bf48d0\"><div class=\"elementor-g-recaptcha\" data-sitekey=\"6LcSjAwsAAAAAMUbOkPRpvvEGERE6BD1dvXiZv9t\" data-type=\"v3\" data-action=\"Form\" data-badge=\"bottomright\" data-size=\"invisible\"><\/div><\/div>\t\t\t\t<\/div>\n\t\t\t\t\t\t\t\t<div class=\"elementor-field-group elementor-column elementor-field-type-submit elementor-col-100 e-form__buttons elementor-md-100\">\n\t\t\t\t\t<button class=\"elementor-button elementor-size-md\" type=\"submit\">\n\t\t\t\t\t\t<span class=\"elementor-button-content-wrapper\">\n\t\t\t\t\t\t\t\t\t\t\t\t\t\t\t\t\t\t\t\t\t\t<span class=\"elementor-button-text\">Trimite<\/span>\n\t\t\t\t\t\t\t\t\t\t\t\t\t<\/span>\n\t\t\t\t\t<\/button>\n\t\t\t\t<\/div>\n\t\t\t<\/div>\n\t\t<input type=\"hidden\" name=\"trp-form-language\" value=\"ro\"\/><\/form>\n\t\t\t\t\t\t<\/div>\n\t\t\t\t<\/div>\n\t\t\t\t<\/div>\n\t\t\t\t<\/div>","protected":false},"excerpt":{"rendered":"<p>\u00a1Contacte con nosotros! Estaremos encantados de atenderle Ponte en contacto +34 647 521 443 +34 699 246 612 sunplantes@gmail.com Horario L-V: 08:30-17:30 H Rellena el formulario con tus datos y nos pondremos en contacto lo antes posible.<\/p>","protected":false},"author":1,"featured_media":0,"parent":0,"menu_order":0,"comment_status":"closed","ping_status":"closed","template":"","meta":{"_acf_changed":false,"footnotes":""},"class_list":["post-199","page","type-page","status-publish","hentry"],"acf":[],"yoast_head":"<!-- This site is optimized with the Yoast SEO plugin v27.3 - https:\/\/yoast.com\/product\/yoast-seo-wordpress\/ -->\n<title>Contacto - SUN PLANTES VIVEROS S.L | Exportaci\u00f3n B2B de olivos, palmeras y plantas de colecci\u00f3n<\/title>\n<meta name=\"robots\" content=\"index, follow, max-snippet:-1, max-image-preview:large, max-video-preview:-1\" \/>\n<link rel=\"canonical\" href=\"https:\/\/www.sunplantes.com\/ro\/contacto\/\" \/>\n<meta property=\"og:locale\" content=\"ro_RO\" \/>\n<meta property=\"og:type\" content=\"article\" \/>\n<meta property=\"og:title\" content=\"Contacto - SUN PLANTES VIVEROS S.L | Exportaci\u00f3n B2B de olivos, palmeras y plantas de colecci\u00f3n\" \/>\n<meta property=\"og:description\" content=\"\u00a1Contacte con nosotros! Estaremos encantados de atenderle Ponte en contacto +34 647 521 443 +34 699 246 612 sunplantes@gmail.com Horario L-V: 08:30-17:30 H Rellena el formulario con tus datos y nos pondremos en contacto lo antes posible.\" \/>\n<meta property=\"og:url\" content=\"https:\/\/www.sunplantes.com\/ro\/contacto\/\" \/>\n<meta property=\"og:site_name\" content=\"SUN PLANTES VIVEROS S.L | Exportaci\u00f3n B2B de olivos, palmeras y plantas de colecci\u00f3n\" \/>\n<meta property=\"article:modified_time\" content=\"2026-02-12T13:33:02+00:00\" \/>\n<meta name=\"twitter:card\" content=\"summary_large_image\" \/>\n<meta name=\"twitter:label1\" content=\"Timp estimat pentru citire\" \/>\n\t<meta name=\"twitter:data1\" content=\"1 minut\" \/>\n<script type=\"application\/ld+json\" class=\"yoast-schema-graph\">{\"@context\":\"https:\\\/\\\/schema.org\",\"@graph\":[{\"@type\":\"WebPage\",\"@id\":\"https:\\\/\\\/www.sunplantes.com\\\/contacto\\\/\",\"url\":\"https:\\\/\\\/www.sunplantes.com\\\/contacto\\\/\",\"name\":\"Contacto - SUN PLANTES VIVEROS S.L | Exportaci\u00f3n B2B de olivos, palmeras y plantas de colecci\u00f3n\",\"isPartOf\":{\"@id\":\"https:\\\/\\\/www.sunplantes.com\\\/#website\"},\"datePublished\":\"2024-10-25T09:09:50+00:00\",\"dateModified\":\"2026-02-12T13:33:02+00:00\",\"breadcrumb\":{\"@id\":\"https:\\\/\\\/www.sunplantes.com\\\/contacto\\\/#breadcrumb\"},\"inLanguage\":\"ro-RO\",\"potentialAction\":[{\"@type\":\"ReadAction\",\"target\":[\"https:\\\/\\\/www.sunplantes.com\\\/contacto\\\/\"]}]},{\"@type\":\"BreadcrumbList\",\"@id\":\"https:\\\/\\\/www.sunplantes.com\\\/contacto\\\/#breadcrumb\",\"itemListElement\":[{\"@type\":\"ListItem\",\"position\":1,\"name\":\"Portada\",\"item\":\"https:\\\/\\\/www.sunplantes.com\\\/\"},{\"@type\":\"ListItem\",\"position\":2,\"name\":\"Contacto\"}]},{\"@type\":\"WebSite\",\"@id\":\"https:\\\/\\\/www.sunplantes.com\\\/#website\",\"url\":\"https:\\\/\\\/www.sunplantes.com\\\/\",\"name\":\"SUN PLANTES VIVEROS S.L | Exportaci\u00f3n B2B de olivos, palmeras y plantas de colecci\u00f3n\",\"description\":\"SUN PLANTES VIVEROS S.L es una empresa familiar con m\u00e1s de 20 a\u00f1os exportando olivos, palmeras y plantas mediterr\u00e1neas de colecci\u00f3n. Venta exclusiva B2B por palets y camiones, con reserva m\u00ednima de 1500 \u20ac.\",\"publisher\":{\"@id\":\"https:\\\/\\\/www.sunplantes.com\\\/#organization\"},\"potentialAction\":[{\"@type\":\"SearchAction\",\"target\":{\"@type\":\"EntryPoint\",\"urlTemplate\":\"https:\\\/\\\/www.sunplantes.com\\\/?s={search_term_string}\"},\"query-input\":{\"@type\":\"PropertyValueSpecification\",\"valueRequired\":true,\"valueName\":\"search_term_string\"}}],\"inLanguage\":\"ro-RO\"},{\"@type\":\"Organization\",\"@id\":\"https:\\\/\\\/www.sunplantes.com\\\/#organization\",\"name\":\"SUN PLANTES VIVEROS S.L | Exportaci\u00f3n B2B de olivos, palmeras y plantas de colecci\u00f3n\",\"url\":\"https:\\\/\\\/www.sunplantes.com\\\/\",\"logo\":{\"@type\":\"ImageObject\",\"inLanguage\":\"ro-RO\",\"@id\":\"https:\\\/\\\/www.sunplantes.com\\\/#\\\/schema\\\/logo\\\/image\\\/\",\"url\":\"https:\\\/\\\/www.sunplantes.com\\\/wp-content\\\/uploads\\\/2024\\\/10\\\/logo-1.png\",\"contentUrl\":\"https:\\\/\\\/www.sunplantes.com\\\/wp-content\\\/uploads\\\/2024\\\/10\\\/logo-1.png\",\"width\":152,\"height\":60,\"caption\":\"SUN PLANTES VIVEROS S.L | Exportaci\u00f3n B2B de olivos, palmeras y plantas de colecci\u00f3n\"},\"image\":{\"@id\":\"https:\\\/\\\/www.sunplantes.com\\\/#\\\/schema\\\/logo\\\/image\\\/\"}}]}<\/script>\n<!-- \/ Yoast SEO plugin. -->","yoast_head_json":{"title":"Contacto - SUN PLANTES VIVEROS S.L | Exportaci\u00f3n B2B de olivos, palmeras y plantas de colecci\u00f3n","robots":{"index":"index","follow":"follow","max-snippet":"max-snippet:-1","max-image-preview":"max-image-preview:large","max-video-preview":"max-video-preview:-1"},"canonical":"https:\/\/www.sunplantes.com\/ro\/contacto\/","og_locale":"ro_RO","og_type":"article","og_title":"Contacto - SUN PLANTES VIVEROS S.L | Exportaci\u00f3n B2B de olivos, palmeras y plantas de colecci\u00f3n","og_description":"\u00a1Contacte con nosotros! Estaremos encantados de atenderle Ponte en contacto +34 647 521 443 +34 699 246 612 sunplantes@gmail.com Horario L-V: 08:30-17:30 H Rellena el formulario con tus datos y nos pondremos en contacto lo antes posible.","og_url":"https:\/\/www.sunplantes.com\/ro\/contacto\/","og_site_name":"SUN PLANTES VIVEROS S.L | Exportaci\u00f3n B2B de olivos, palmeras y plantas de colecci\u00f3n","article_modified_time":"2026-02-12T13:33:02+00:00","twitter_card":"summary_large_image","twitter_misc":{"Timp estimat pentru citire":"1 minut"},"schema":{"@context":"https:\/\/schema.org","@graph":[{"@type":"WebPage","@id":"https:\/\/www.sunplantes.com\/contacto\/","url":"https:\/\/www.sunplantes.com\/contacto\/","name":"Contacto - SUN PLANTES VIVEROS S.L | Exportaci\u00f3n B2B de olivos, palmeras y plantas de colecci\u00f3n","isPartOf":{"@id":"https:\/\/www.sunplantes.com\/#website"},"datePublished":"2024-10-25T09:09:50+00:00","dateModified":"2026-02-12T13:33:02+00:00","breadcrumb":{"@id":"https:\/\/www.sunplantes.com\/contacto\/#breadcrumb"},"inLanguage":"ro-RO","potentialAction":[{"@type":"ReadAction","target":["https:\/\/www.sunplantes.com\/contacto\/"]}]},{"@type":"BreadcrumbList","@id":"https:\/\/www.sunplantes.com\/contacto\/#breadcrumb","itemListElement":[{"@type":"ListItem","position":1,"name":"Portada","item":"https:\/\/www.sunplantes.com\/"},{"@type":"ListItem","position":2,"name":"Contacto"}]},{"@type":"WebSite","@id":"https:\/\/www.sunplantes.com\/#website","url":"https:\/\/www.sunplantes.com\/","name":"SUN PLANTES VIVEROS S.L | Exportaci\u00f3n B2B de olivos, palmeras y plantas de colecci\u00f3n","description":"SUN PLANTES VIVEROS S.L es una empresa familiar con m\u00e1s de 20 a\u00f1os exportando olivos, palmeras y plantas mediterr\u00e1neas de colecci\u00f3n. Venta exclusiva B2B por palets y camiones, con reserva m\u00ednima de 1500 \u20ac.","publisher":{"@id":"https:\/\/www.sunplantes.com\/#organization"},"potentialAction":[{"@type":"SearchAction","target":{"@type":"EntryPoint","urlTemplate":"https:\/\/www.sunplantes.com\/?s={search_term_string}"},"query-input":{"@type":"PropertyValueSpecification","valueRequired":true,"valueName":"search_term_string"}}],"inLanguage":"ro-RO"},{"@type":"Organization","@id":"https:\/\/www.sunplantes.com\/#organization","name":"SUN PLANTES VIVEROS S.L | Exportaci\u00f3n B2B de olivos, palmeras y plantas de colecci\u00f3n","url":"https:\/\/www.sunplantes.com\/","logo":{"@type":"ImageObject","inLanguage":"ro-RO","@id":"https:\/\/www.sunplantes.com\/#\/schema\/logo\/image\/","url":"https:\/\/www.sunplantes.com\/wp-content\/uploads\/2024\/10\/logo-1.png","contentUrl":"https:\/\/www.sunplantes.com\/wp-content\/uploads\/2024\/10\/logo-1.png","width":152,"height":60,"caption":"SUN PLANTES VIVEROS S.L | Exportaci\u00f3n B2B de olivos, palmeras y plantas de colecci\u00f3n"},"image":{"@id":"https:\/\/www.sunplantes.com\/#\/schema\/logo\/image\/"}}]}},"_links":{"self":[{"href":"https:\/\/www.sunplantes.com\/ro\/wp-json\/wp\/v2\/pages\/199","targetHints":{"allow":["GET"]}}],"collection":[{"href":"https:\/\/www.sunplantes.com\/ro\/wp-json\/wp\/v2\/pages"}],"about":[{"href":"https:\/\/www.sunplantes.com\/ro\/wp-json\/wp\/v2\/types\/page"}],"author":[{"embeddable":true,"href":"https:\/\/www.sunplantes.com\/ro\/wp-json\/wp\/v2\/users\/1"}],"replies":[{"embeddable":true,"href":"https:\/\/www.sunplantes.com\/ro\/wp-json\/wp\/v2\/comments?post=199"}],"version-history":[{"count":30,"href":"https:\/\/www.sunplantes.com\/ro\/wp-json\/wp\/v2\/pages\/199\/revisions"}],"predecessor-version":[{"id":13280,"href":"https:\/\/www.sunplantes.com\/ro\/wp-json\/wp\/v2\/pages\/199\/revisions\/13280"}],"wp:attachment":[{"href":"https:\/\/www.sunplantes.com\/ro\/wp-json\/wp\/v2\/media?parent=199"}],"curies":[{"name":"wp","href":"https:\/\/api.w.org\/{rel}","templated":true}]}}